{"id":10697,"date":"2019-03-14T16:04:10","date_gmt":"2019-03-14T15:04:10","guid":{"rendered":"https:\/\/www.kreidezeit.de\/?page_id=10697"},"modified":"2019-03-14T16:04:10","modified_gmt":"2019-03-14T15:04:10","slug":"hartoel-getoent-mit-standoelfarbe-holzoberflaechen-farblich-gestalten-im-innenbereich","status":"publish","type":"page","link":"https:\/\/www.kreidezeit.de\/en\/hartoel-getoent-mit-standoelfarbe-holzoberflaechen-farblich-gestalten-im-innenbereich\/","title":{"rendered":"Hart\u00f6l get\u00f6nt mit Stand\u00f6lfarbe &#8211; Holzoberfl\u00e4chen farblich gestalten im Innenbereich"},"content":{"rendered":"<hr \/>\n<p>Unsere \u00d6le k\u00f6nnen auf einfache Weise mit unserer Stand\u00f6lfarbe get\u00f6nt werden. Da beide Komponenten fl \u00fcssig sind, k\u00f6nnen diese schneller gemischt werden als trockene Pigmente und fl \u00fcssiges \u00d6l. Das macht die Sache recht praktisch. Besonders f\u00fcr wei\u00df oder grau ist es eine interessante Alternative zu Pigment und \u00d6l, da sich das Pigment Titanwei\u00df von Hand nur m\u00fchsam zu einer gleichm\u00e4\u00dfigen Lasur mischen l\u00e4sst.<br \/>\nIn unserem Beispiel arbeiten wir mit Stand\u00f6lfarbe -halbfett- grau und Hart\u00f6l -l\u00f6semittelfrei-. Sie k\u00f6nnen auch mit Hartwachs\u00f6l oder anderen farblosen \u00d6len aus unserem Sortiment arbeiten. Bei der Stand\u00f6lfarbe empfehlen wir Ihnen, immer den Zwischenanstrich -halbfett- zu verwenden, weil dieser schneller trocknet.<\/p>\n<p><img loading=\"lazy\" decoding=\"async\" src=\"https:\/\/www.kreidezeit.de\/wp-content\/uploads\/01_DSC08329.jpg\" alt=\"kreidezeit-naturfarben-anleitungen-hartoel-1\" width=\"300\" height=\"200\" class=\"alignleft size-full wp-image-10700\" srcset=\"https:\/\/www.kreidezeit.de\/wp-content\/uploads\/01_DSC08329.jpg 300w, https:\/\/www.kreidezeit.de\/wp-content\/uploads\/01_DSC08329-150x100.jpg 150w, https:\/\/www.kreidezeit.de\/wp-content\/uploads\/01_DSC08329-272x182.jpg 272w\" sizes=\"auto, (max-width: 300px) 100vw, 300px\" \/>1. Einfach die Stand\u00f6lfarbe aufr\u00fchren und mit der gleichen Menge Hart\u00f6l mischen. Dies ist ein Beispiel, je nach gew\u00fcnschter Farbintensit\u00e4t sind alle erdenklichen Mischungen zwischen Stand\u00f6lfarbe und (Hart-) \u00d6l m\u00f6glich.<\/a><\/p>\n","protected":false},"excerpt":{"rendered":"<p>Unsere \u00d6le k\u00f6nnen auf einfache Weise mit unserer Stand\u00f6lfarbe get\u00f6nt werden. Da beide Komponenten fl \u00fcssig sind, k\u00f6nnen diese schneller gemischt werden als trockene Pigmente und fl \u00fcssiges \u00d6l. Das macht die Sache recht praktisch. Besonders f\u00fcr wei\u00df oder grau ist es eine interessante Alternative zu Pigment und \u00d6l, da sich das Pigment Titanwei\u00df von [&hellip;]<\/p>\n","protected":false},"author":3,"featured_media":0,"parent":0,"menu_order":0,"comment_status":"closed","ping_status":"closed","template":"","meta":{"footnotes":""},"class_list":["post-10697","page","type-page","status-publish","hentry"],"yoast_head":"<!-- This site is optimized with the Yoast SEO plugin v24.5 - https:\/\/yoast.com\/wordpress\/plugins\/seo\/ -->\n<title>Hart\u00f6l get\u00f6nt mit Stand\u00f6lfarbe - Holzoberfl\u00e4chen farblich gestalten im Innenbereich - KREIDEZEIT Naturfarben GmbH<\/title>\n<meta name=\"robots\" content=\"index, follow, max-snippet:-1, max-image-preview:large, max-video-preview:-1\" \/>\n<link rel=\"canonical\" href=\"https:\/\/www.kreidezeit.de\/en\/hartoel-getoent-mit-standoelfarbe-holzoberflaechen-farblich-gestalten-im-innenbereich\/\" \/>\n<meta property=\"og:locale\" content=\"en_US\" \/>\n<meta property=\"og:type\" content=\"article\" \/>\n<meta property=\"og:title\" content=\"Hart\u00f6l get\u00f6nt mit Stand\u00f6lfarbe - Holzoberfl\u00e4chen farblich gestalten im Innenbereich - KREIDEZEIT Naturfarben GmbH\" \/>\n<meta property=\"og:description\" content=\"Unsere \u00d6le k\u00f6nnen auf einfache Weise mit unserer Stand\u00f6lfarbe get\u00f6nt werden. Da beide Komponenten fl \u00fcssig sind, k\u00f6nnen diese schneller gemischt werden als trockene Pigmente und fl \u00fcssiges \u00d6l. Das macht die Sache recht praktisch. Besonders f\u00fcr wei\u00df oder grau ist es eine interessante Alternative zu Pigment und \u00d6l, da sich das Pigment Titanwei\u00df von [&hellip;]\" \/>\n<meta property=\"og:url\" content=\"https:\/\/www.kreidezeit.de\/en\/hartoel-getoent-mit-standoelfarbe-holzoberflaechen-farblich-gestalten-im-innenbereich\/\" \/>\n<meta property=\"og:site_name\" content=\"KREIDEZEIT Naturfarben GmbH\" \/>\n<meta property=\"article:publisher\" content=\"https:\/\/www.facebook.com\/Kreidezeit-Naturfarben-GmbH-313440595453338\/\" \/>\n<meta property=\"og:image\" content=\"https:\/\/www.kreidezeit.de\/wp-content\/uploads\/01_DSC08329.jpg\" \/>\n<meta name=\"twitter:card\" content=\"summary_large_image\" \/>\n<meta name=\"twitter:label1\" content=\"Est. reading time\" \/>\n\t<meta name=\"twitter:data1\" content=\"1 minute\" \/>\n<script type=\"application\/ld+json\" class=\"yoast-schema-graph\">{\"@context\":\"https:\/\/schema.org\",\"@graph\":[{\"@type\":\"WebPage\",\"@id\":\"https:\/\/www.kreidezeit.de\/en\/hartoel-getoent-mit-standoelfarbe-holzoberflaechen-farblich-gestalten-im-innenbereich\/\",\"url\":\"https:\/\/www.kreidezeit.de\/en\/hartoel-getoent-mit-standoelfarbe-holzoberflaechen-farblich-gestalten-im-innenbereich\/\",\"name\":\"Hart\u00f6l get\u00f6nt mit Stand\u00f6lfarbe - Holzoberfl\u00e4chen farblich gestalten im Innenbereich - KREIDEZEIT Naturfarben GmbH\",\"isPartOf\":{\"@id\":\"https:\/\/www.kreidezeit.de\/#website\"},\"primaryImageOfPage\":{\"@id\":\"https:\/\/www.kreidezeit.de\/en\/hartoel-getoent-mit-standoelfarbe-holzoberflaechen-farblich-gestalten-im-innenbereich\/#primaryimage\"},\"image\":{\"@id\":\"https:\/\/www.kreidezeit.de\/en\/hartoel-getoent-mit-standoelfarbe-holzoberflaechen-farblich-gestalten-im-innenbereich\/#primaryimage\"},\"thumbnailUrl\":\"https:\/\/www.kreidezeit.de\/wp-content\/uploads\/01_DSC08329.jpg\",\"datePublished\":\"2019-03-14T15:04:10+00:00\",\"breadcrumb\":{\"@id\":\"https:\/\/www.kreidezeit.de\/en\/hartoel-getoent-mit-standoelfarbe-holzoberflaechen-farblich-gestalten-im-innenbereich\/#breadcrumb\"},\"inLanguage\":\"en-US\",\"potentialAction\":[{\"@type\":\"ReadAction\",\"target\":[\"https:\/\/www.kreidezeit.de\/en\/hartoel-getoent-mit-standoelfarbe-holzoberflaechen-farblich-gestalten-im-innenbereich\/\"]}]},{\"@type\":\"ImageObject\",\"inLanguage\":\"en-US\",\"@id\":\"https:\/\/www.kreidezeit.de\/en\/hartoel-getoent-mit-standoelfarbe-holzoberflaechen-farblich-gestalten-im-innenbereich\/#primaryimage\",\"url\":\"https:\/\/www.kreidezeit.de\/wp-content\/uploads\/01_DSC08329.jpg\",\"contentUrl\":\"https:\/\/www.kreidezeit.de\/wp-content\/uploads\/01_DSC08329.jpg\"},{\"@type\":\"BreadcrumbList\",\"@id\":\"https:\/\/www.kreidezeit.de\/en\/hartoel-getoent-mit-standoelfarbe-holzoberflaechen-farblich-gestalten-im-innenbereich\/#breadcrumb\",\"itemListElement\":[{\"@type\":\"ListItem\",\"position\":1,\"name\":\"Startseite\",\"item\":\"https:\/\/www.kreidezeit.de\/en\/\"},{\"@type\":\"ListItem\",\"position\":2,\"name\":\"Hart\u00f6l get\u00f6nt mit Stand\u00f6lfarbe &#8211; Holzoberfl\u00e4chen farblich gestalten im Innenbereich\"}]},{\"@type\":\"WebSite\",\"@id\":\"https:\/\/www.kreidezeit.de\/#website\",\"url\":\"https:\/\/www.kreidezeit.de\/\",\"name\":\"KREIDEZEIT Naturfarben GmbH\",\"description\":\"Eigenwillig konsequent\",\"publisher\":{\"@id\":\"https:\/\/www.kreidezeit.de\/#organization\"},\"potentialAction\":[{\"@type\":\"SearchAction\",\"target\":{\"@type\":\"EntryPoint\",\"urlTemplate\":\"https:\/\/www.kreidezeit.de\/?s={search_term_string}\"},\"query-input\":{\"@type\":\"PropertyValueSpecification\",\"valueRequired\":true,\"valueName\":\"search_term_string\"}}],\"inLanguage\":\"en-US\"},{\"@type\":\"Organization\",\"@id\":\"https:\/\/www.kreidezeit.de\/#organization\",\"name\":\"KREIDEZEIT Naturfarben GmbH\",\"url\":\"https:\/\/www.kreidezeit.de\/\",\"logo\":{\"@type\":\"ImageObject\",\"inLanguage\":\"en-US\",\"@id\":\"https:\/\/www.kreidezeit.de\/#\/schema\/logo\/image\/\",\"url\":\"https:\/\/www.kreidezeit.de\/wp-content\/uploads\/2017\/03\/Logo_200x200.png\",\"contentUrl\":\"https:\/\/www.kreidezeit.de\/wp-content\/uploads\/2017\/03\/Logo_200x200.png\",\"width\":200,\"height\":200,\"caption\":\"KREIDEZEIT Naturfarben GmbH\"},\"image\":{\"@id\":\"https:\/\/www.kreidezeit.de\/#\/schema\/logo\/image\/\"},\"sameAs\":[\"https:\/\/www.facebook.com\/Kreidezeit-Naturfarben-GmbH-313440595453338\/\"]}]}<\/script>\n<!-- \/ Yoast SEO plugin. -->","yoast_head_json":{"title":"Hart\u00f6l get\u00f6nt mit Stand\u00f6lfarbe - Holzoberfl\u00e4chen farblich gestalten im Innenbereich - KREIDEZEIT Naturfarben GmbH","robots":{"index":"index","follow":"follow","max-snippet":"max-snippet:-1","max-image-preview":"max-image-preview:large","max-video-preview":"max-video-preview:-1"},"canonical":"https:\/\/www.kreidezeit.de\/en\/hartoel-getoent-mit-standoelfarbe-holzoberflaechen-farblich-gestalten-im-innenbereich\/","og_locale":"en_US","og_type":"article","og_title":"Hart\u00f6l get\u00f6nt mit Stand\u00f6lfarbe - Holzoberfl\u00e4chen farblich gestalten im Innenbereich - KREIDEZEIT Naturfarben GmbH","og_description":"Unsere \u00d6le k\u00f6nnen auf einfache Weise mit unserer Stand\u00f6lfarbe get\u00f6nt werden. Da beide Komponenten fl \u00fcssig sind, k\u00f6nnen diese schneller gemischt werden als trockene Pigmente und fl \u00fcssiges \u00d6l. Das macht die Sache recht praktisch. Besonders f\u00fcr wei\u00df oder grau ist es eine interessante Alternative zu Pigment und \u00d6l, da sich das Pigment Titanwei\u00df von [&hellip;]","og_url":"https:\/\/www.kreidezeit.de\/en\/hartoel-getoent-mit-standoelfarbe-holzoberflaechen-farblich-gestalten-im-innenbereich\/","og_site_name":"KREIDEZEIT Naturfarben GmbH","article_publisher":"https:\/\/www.facebook.com\/Kreidezeit-Naturfarben-GmbH-313440595453338\/","og_image":[{"url":"https:\/\/www.kreidezeit.de\/wp-content\/uploads\/01_DSC08329.jpg","type":"","width":"","height":""}],"twitter_card":"summary_large_image","twitter_misc":{"Est. reading time":"1 minute"},"schema":{"@context":"https:\/\/schema.org","@graph":[{"@type":"WebPage","@id":"https:\/\/www.kreidezeit.de\/en\/hartoel-getoent-mit-standoelfarbe-holzoberflaechen-farblich-gestalten-im-innenbereich\/","url":"https:\/\/www.kreidezeit.de\/en\/hartoel-getoent-mit-standoelfarbe-holzoberflaechen-farblich-gestalten-im-innenbereich\/","name":"Hart\u00f6l get\u00f6nt mit Stand\u00f6lfarbe - Holzoberfl\u00e4chen farblich gestalten im Innenbereich - KREIDEZEIT Naturfarben GmbH","isPartOf":{"@id":"https:\/\/www.kreidezeit.de\/#website"},"primaryImageOfPage":{"@id":"https:\/\/www.kreidezeit.de\/en\/hartoel-getoent-mit-standoelfarbe-holzoberflaechen-farblich-gestalten-im-innenbereich\/#primaryimage"},"image":{"@id":"https:\/\/www.kreidezeit.de\/en\/hartoel-getoent-mit-standoelfarbe-holzoberflaechen-farblich-gestalten-im-innenbereich\/#primaryimage"},"thumbnailUrl":"https:\/\/www.kreidezeit.de\/wp-content\/uploads\/01_DSC08329.jpg","datePublished":"2019-03-14T15:04:10+00:00","breadcrumb":{"@id":"https:\/\/www.kreidezeit.de\/en\/hartoel-getoent-mit-standoelfarbe-holzoberflaechen-farblich-gestalten-im-innenbereich\/#breadcrumb"},"inLanguage":"en-US","potentialAction":[{"@type":"ReadAction","target":["https:\/\/www.kreidezeit.de\/en\/hartoel-getoent-mit-standoelfarbe-holzoberflaechen-farblich-gestalten-im-innenbereich\/"]}]},{"@type":"ImageObject","inLanguage":"en-US","@id":"https:\/\/www.kreidezeit.de\/en\/hartoel-getoent-mit-standoelfarbe-holzoberflaechen-farblich-gestalten-im-innenbereich\/#primaryimage","url":"https:\/\/www.kreidezeit.de\/wp-content\/uploads\/01_DSC08329.jpg","contentUrl":"https:\/\/www.kreidezeit.de\/wp-content\/uploads\/01_DSC08329.jpg"},{"@type":"BreadcrumbList","@id":"https:\/\/www.kreidezeit.de\/en\/hartoel-getoent-mit-standoelfarbe-holzoberflaechen-farblich-gestalten-im-innenbereich\/#breadcrumb","itemListElement":[{"@type":"ListItem","position":1,"name":"Startseite","item":"https:\/\/www.kreidezeit.de\/en\/"},{"@type":"ListItem","position":2,"name":"Hart\u00f6l get\u00f6nt mit Stand\u00f6lfarbe &#8211; Holzoberfl\u00e4chen farblich gestalten im Innenbereich"}]},{"@type":"WebSite","@id":"https:\/\/www.kreidezeit.de\/#website","url":"https:\/\/www.kreidezeit.de\/","name":"KREIDEZEIT Naturfarben GmbH","description":"Eigenwillig konsequent","publisher":{"@id":"https:\/\/www.kreidezeit.de\/#organization"},"potentialAction":[{"@type":"SearchAction","target":{"@type":"EntryPoint","urlTemplate":"https:\/\/www.kreidezeit.de\/?s={search_term_string}"},"query-input":{"@type":"PropertyValueSpecification","valueRequired":true,"valueName":"search_term_string"}}],"inLanguage":"en-US"},{"@type":"Organization","@id":"https:\/\/www.kreidezeit.de\/#organization","name":"KREIDEZEIT Naturfarben GmbH","url":"https:\/\/www.kreidezeit.de\/","logo":{"@type":"ImageObject","inLanguage":"en-US","@id":"https:\/\/www.kreidezeit.de\/#\/schema\/logo\/image\/","url":"https:\/\/www.kreidezeit.de\/wp-content\/uploads\/2017\/03\/Logo_200x200.png","contentUrl":"https:\/\/www.kreidezeit.de\/wp-content\/uploads\/2017\/03\/Logo_200x200.png","width":200,"height":200,"caption":"KREIDEZEIT Naturfarben GmbH"},"image":{"@id":"https:\/\/www.kreidezeit.de\/#\/schema\/logo\/image\/"},"sameAs":["https:\/\/www.facebook.com\/Kreidezeit-Naturfarben-GmbH-313440595453338\/"]}]}},"_links":{"self":[{"href":"https:\/\/www.kreidezeit.de\/en\/wp-json\/wp\/v2\/pages\/10697","targetHints":{"allow":["GET"]}}],"collection":[{"href":"https:\/\/www.kreidezeit.de\/en\/wp-json\/wp\/v2\/pages"}],"about":[{"href":"https:\/\/www.kreidezeit.de\/en\/wp-json\/wp\/v2\/types\/page"}],"author":[{"embeddable":true,"href":"https:\/\/www.kreidezeit.de\/en\/wp-json\/wp\/v2\/users\/3"}],"replies":[{"embeddable":true,"href":"https:\/\/www.kreidezeit.de\/en\/wp-json\/wp\/v2\/comments?post=10697"}],"version-history":[{"count":1,"href":"https:\/\/www.kreidezeit.de\/en\/wp-json\/wp\/v2\/pages\/10697\/revisions"}],"predecessor-version":[{"id":10780,"href":"https:\/\/www.kreidezeit.de\/en\/wp-json\/wp\/v2\/pages\/10697\/revisions\/10780"}],"wp:attachment":[{"href":"https:\/\/www.kreidezeit.de\/en\/wp-json\/wp\/v2\/media?parent=10697"}],"curies":[{"name":"wp","href":"https:\/\/api.w.org\/{rel}","templated":true}]}}